{"id":1350,"date":"2016-10-13T14:10:35","date_gmt":"2016-10-13T14:10:35","guid":{"rendered":"https:\/\/pantur.es\/contacto\/"},"modified":"2022-11-09T09:07:01","modified_gmt":"2022-11-09T09:07:01","slug":"contact","status":"publish","type":"page","link":"https:\/\/pantur.es\/en\/contact\/","title":{"rendered":"Contact"},"content":{"rendered":"<p>[vc_row type=&#8221;full-width-content&#8221; css=&#8221;.vc_custom_1477313887673{margin-bottom: 0px !important;padding-top: 0px !important;padding-bottom: 0px !important;}&#8221;][vc_column]\r\n\r\n<script type=\"text\/javascript\">\r\n\r\n\"use strict\";\r\nfunction initializefm7b2() {\r\n\r\nvar latlng = new google.maps.LatLng(41.5403595 , 2.099215700000059);\r\n\r\nvar grayStyles = [\r\n        {\r\n          featureType: \"all\",\r\n          stylers: [\r\n            { saturation: -10 },\r\n            { lightness: 10 }\r\n          ]\r\n        },\r\n      ];\r\n\r\nvar optionsfm7b2 = {\r\n\r\ncenter : latlng,\r\n\r\nscrollwheel :  false,\r\n\r\n\r\nmapTypeId: google.maps.MapTypeId.ROADMAP,\r\n\r\nzoomControl : true,\r\n\r\nstyles: grayStyles,\r\n\r\nzoomControlOptions :\r\n\r\n{\r\n\r\nstyle: google.maps.ZoomControlStyle.SMALL,\r\n\r\nposition: google.maps.ControlPosition.TOP_LEFT\r\n\r\n},\r\n\r\nmapTypeControl : true,\r\n\r\nmapTypeControlOptions :\r\n\r\n{\r\n\r\nstyle: google.maps.MapTypeControlStyle.HORIZONTAL_BAR,\r\n\r\nposition: google.maps.ControlPosition.TOP_RIGHT\r\n\r\n},\r\n\r\nscaleControl : true,\r\n\r\nscaleControlOptions :\r\n\r\n{\r\n\r\nposition: google.maps.ControlPosition.TOP_LEFT\r\n\r\n},\r\n\r\nstreetViewControl : true,\r\n\r\nstreetViewControlOptions :\r\n\r\n{\r\n\r\nposition: google.maps.ControlPosition.TOP_LEFT\r\n\r\n},\r\n\r\npanControl : false,  zoom : 5\r\n\r\n};\r\n\r\nvar mapfm7b2 = new google.maps.Map(document.getElementById(\"gm_fm7b2\"), optionsfm7b2);\r\n\r\nvar marker = new google.maps.Marker({\r\n\r\nposition: latlng,\r\n\r\n\r\nmap: mapfm7b2,\r\n\r\ntitle:\"Pantur\"\r\n\r\n});\r\n\r\n}\r\n\r\njQuery(document).ready(function () {\r\n   initializefm7b2();\r\n\r\n    jQuery(\".tabs-wrapper ul.tabs li\").click(function (e) {\r\n\tsetTimeout(function(){\r\n\tgoogle.maps.event.trigger(window, 'resize', {});},400);\r\n\t});\r\n\r\n    jQuery(\".tabs-wrapper ul.tabs li a\").click(function (e) {\r\n\tsetTimeout(function(){\r\n\tgoogle.maps.event.trigger(window, 'resize', {});},400);\r\n\t});\r\n\r\n\r\n\tjQuery('.wpb_accordion_section h3 > a').click(function(){\r\n\tsetTimeout(function(){\r\n\tgoogle.maps.event.trigger(window, 'resize', {});},400);\r\n\t});\r\n\r\n\r\n\r\n})\r\n<\/script>\r\n<div class=\"map_canvas_body\">\r\n<div id=\"gm_fm7b2\" class=\"map_canvas\" style=\"height:800px;\"><\/div>\r\n<\/div>\r\n\r\n[\/vc_column][\/vc_row][vc_row el_id=&#8221;contact-row&#8221;][vc_column width=&#8221;6\/12&#8243; css=&#8221;.vc_custom_1477314302039{padding-top: 40px !important;padding-right: 40px !important;padding-bottom: 60px !important;padding-left: 40px !important;background-color: rgba(255,255,255,0.87) !important;*background-color: rgb(255,255,255) !important;}&#8221;][vc_custom_heading text=&#8221;Contact details&#8221; font_container=&#8221;tag:h1|font_size:26px|text_align:left|color:%23000000&#8243; use_theme_fonts=&#8221;yes&#8221; css=&#8221;.vc_custom_1477315247228{margin-bottom: 20px !important;}&#8221;][vc_row_inner css=&#8221;.vc_custom_1477315380617{margin-bottom: 0px !important;}&#8221;][vc_column_inner width=&#8221;1\/2&#8243;][vc_column_text css=&#8221;.vc_custom_1477315260729{margin-bottom: 0px !important;}&#8221;]C. Pau Clar\u00eds, 157 &#8211; 161<br \/>\n08205 Sabadell<br \/>\n(Barcelona) Espa\u00f1a[\/vc_column_text][\/vc_column_inner][vc_column_inner width=&#8221;1\/2&#8243;][vc_column_text css=&#8221;.vc_custom_1477315257428{margin-bottom: 0px !important;}&#8221;]Tel: (+34) 93 727 31 18<br \/>\nFax: (+34) 93 725 97 88<br \/>\nE-mail: pantur@pantur.es[\/vc_column_text][\/vc_column_inner][\/vc_row_inner][\/vc_column][vc_column width=&#8221;1\/12&#8243;][\/vc_column][vc_column width=&#8221;4\/12&#8243; css=&#8221;.vc_custom_1477315811167{padding-top: 40px !important;padding-right: 40px !important;padding-bottom: 37px !important;padding-left: 40px !important;background-color: rgba(255,255,255,0.87) !important;*background-color: rgb(255,255,255) !important;}&#8221;][vc_custom_heading text=&#8221;Shall we talk?&#8221; font_container=&#8221;tag:h2|text_align:left|color:%23000000&#8243; use_theme_fonts=&#8221;yes&#8221; css=&#8221;.vc_custom_1477315265787{margin-bottom: 20px !important;}&#8221;]<style type=\"text\/css\" >#rd_f4c0f5xsewtxgdfvbrmg .wpcf7,#rd_f4c0f5xsewtxgdfvbrmg input:not([type=submit]):not([type=checkbox]),#rd_f4c0f5xsewtxgdfvbrmg textarea,#rd_f4c0f5xsewtxgdfvbrmg .wpcf7 select,#rd_f4c0f5xsewtxgdfvbrmg .wpcf7 input[type=\"checkbox\"]:checked{color:#525252;}#rd_f4c0f5xsewtxgdfvbrmg .wpcf7 input[type=\"checkbox\"]{background:rgba(0,0,0,0); color:rgba(0,0,0,0);}#rd_f4c0f5xsewtxgdfvbrmg ::-webkit-input-placeholder{color:#878787;}#rd_f4c0f5xsewtxgdfvbrmg :-moz-placeholder{color:#878787;}#rd_f4c0f5xsewtxgdfvbrmg ::-moz-placeholder{color:#878787;}#rd_f4c0f5xsewtxgdfvbrmg :-ms-input-placeholder{color:#878787;}#rd_f4c0f5xsewtxgdfvbrmg .wpcf7 select{color:#878787;}#rd_f4c0f5xsewtxgdfvbrmg .wpcf7 input[type=submit]{font-size:15px; font-weight:900; border-radius:2px; padding:11px 15px; letter-spacing: 0.5px; margin-top:3px;}#rd_f4c0f5xsewtxgdfvbrmg .wpcf7 input[type=submit]:hover {background:#eba43e; color:#ffffff !important;}#rd_f4c0f5xsewtxgdfvbrmg .wpcf7 textarea{height:100px;}#rd_f4c0f5xsewtxgdfvbrmg .wpcf7 input:not([type=submit]):not([type=checkbox]),#rd_f4c0f5xsewtxgdfvbrmg textarea,#rd_f4c0f5xsewtxgdfvbrmg .wpcf7 select{border-radius:0px;}#rd_f4c0f5xsewtxgdfvbrmg .wpcf7 input:not([type=submit]),#rd_f4c0f5xsewtxgdfvbrmg textarea,#rd_f4c0f5xsewtxgdfvbrmg .wpcf7 input[type=submit],#rd_f4c0f5xsewtxgdfvbrmg .wpcf7 select{margin-top:3px;}#rd_f4c0f5xsewtxgdfvbrmg p{margin-bottom:23px;}#rd_f4c0f5xsewtxgdfvbrmg .wpcf7 input:not([type=submit]):not([type=checkbox]),#rd_f4c0f5xsewtxgdfvbrmg .wpcf7  textarea,#rd_f4c0f5xsewtxgdfvbrmg .wpcf7 select{border:1px solid #cccccc; background:#ffffff;}#rd_f4c0f5xsewtxgdfvbrmg .wpcf7 input[type=submit]{background:#eba43e; color:#ffffff !important;}<\/style><div id=\"rd_f4c0f5xsewtxgdfvbrmg\" class=\"\">\n<div class=\"wpcf7 no-js\" id=\"wpcf7-f6-o1\" lang=\"es-ES\" dir=\"ltr\" data-wpcf7-id=\"6\">\n<div class=\"screen-reader-response\"><p role=\"status\" aria-live=\"polite\" aria-atomic=\"true\"><\/p> <ul><\/ul><\/div>\n<form action=\"\/en\/wp-json\/wp\/v2\/pages\/1350#wpcf7-f6-o1\" method=\"post\" class=\"wpcf7-form init\" aria-label=\"Formulario de contacto\" novalidate=\"novalidate\" data-status=\"init\">\n<fieldset class=\"hidden-fields-container\"><input type=\"hidden\" name=\"_wpcf7\" value=\"6\" \/><input type=\"hidden\" name=\"_wpcf7_version\" value=\"6.1.5\" \/><input type=\"hidden\" name=\"_wpcf7_locale\" value=\"es_ES\" \/><input type=\"hidden\" name=\"_wpcf7_unit_tag\" value=\"wpcf7-f6-o1\" \/><input type=\"hidden\" name=\"_wpcf7_container_post\" value=\"0\" \/><input type=\"hidden\" name=\"_wpcf7_posted_data_hash\" value=\"\" \/>\n<\/fieldset>\n<p><span class=\"wpcf7-form-control-wrap\" data-name=\"your-name\"><input size=\"40\" maxlength=\"400\" class=\"wpcf7-form-control wpcf7-text wpcf7-validates-as-required\" aria-required=\"true\" aria-invalid=\"false\" placeholder=\"Nombre\" value=\"\" type=\"text\" name=\"your-name\" \/><\/span><span class=\"wpcf7-form-control-wrap\" data-name=\"your-name\"><input size=\"40\" maxlength=\"400\" class=\"wpcf7-form-control wpcf7-text wpcf7-validates-as-required\" aria-required=\"true\" aria-invalid=\"false\" placeholder=\"Empresa\" value=\"\" type=\"text\" name=\"your-name\" \/><\/span><span class=\"wpcf7-form-control-wrap\" data-name=\"your-email\"><input size=\"40\" maxlength=\"400\" class=\"wpcf7-form-control wpcf7-email wpcf7-validates-as-required wpcf7-text wpcf7-validates-as-email\" aria-required=\"true\" aria-invalid=\"false\" placeholder=\"Email\" value=\"\" type=\"email\" name=\"your-email\" \/><\/span><span class=\"wpcf7-form-control-wrap\" data-name=\"your-phone\"><input size=\"40\" maxlength=\"400\" class=\"wpcf7-form-control wpcf7-tel wpcf7-validates-as-required wpcf7-text wpcf7-validates-as-tel\" aria-required=\"true\" aria-invalid=\"false\" placeholder=\"Tel\u00e9fono\" value=\"\" type=\"tel\" name=\"your-phone\" \/><\/span><span class=\"wpcf7-form-control-wrap\" data-name=\"menu-880\"><select class=\"wpcf7-form-control wpcf7-select wpcf7-validates-as-required formselect\" aria-required=\"true\" aria-invalid=\"false\" name=\"menu-880\"><option value=\"\">&#8212;Por favor, elige una opci\u00f3n&#8212;<\/option><option value=\"Stencils para SMD\">Stencils para SMD<\/option><option value=\"Piezas de Precisi\u00f3n\">Piezas de Precisi\u00f3n<\/option><option value=\"PCBA Tooling \/ Utillajes Soldadura\">PCBA Tooling \/ Utillajes Soldadura<\/option><option value=\"Fabricaci\u00f3n Aditiva \/ Impressi\u00f3n 3D\">Fabricaci\u00f3n Aditiva \/ Impressi\u00f3n 3D<\/option><\/select><\/span><span class=\"wpcf7-form-control-wrap\" data-name=\"your-message\"><textarea cols=\"40\" rows=\"10\" maxlength=\"2000\" class=\"wpcf7-form-control wpcf7-textarea\" aria-invalid=\"false\" placeholder=\"Mensaje\" name=\"your-message\"><\/textarea><\/span><span class=\"wpcf7-form-control-wrap\" data-name=\"privacidad\"><span class=\"wpcf7-form-control wpcf7-acceptance\"><span class=\"wpcf7-list-item\"><label><input type=\"checkbox\" name=\"privacidad\" value=\"1\" aria-invalid=\"false\" \/><span class=\"wpcf7-list-item-label\">He le&iacute;do y acepto la <a href=\"\/politica-de-privacidad\/\" target=\"_blank\">pol&iacute;tica de privacidad.<\/a><\/span><\/label><\/span><\/span><\/span><input class=\"wpcf7-form-control wpcf7-submit has-spinner\" type=\"submit\" value=\"Enviar\" \/><br \/>\n<!-- <div class=\"contact-minitext\">Le informamos que los datos que nos remita a trav\u00e9s de este formulario electr\u00f3nico quedar\u00e1n incorporados en los sistemas de informaci\u00f3n de PANTUR, S.L. Esta comunicaci\u00f3n se utilizar\u00e1 exclusivamente para atender su petici\u00f3n. Mediante la indicaci\u00f3n de sus datos, y en conformidad con el establecido en el art\u00edculo 4.11 del Reglamento (UE) 2016\/679, de 27 de abril del 2016, usted otorga su consentimiento inequ\u00edvoco a PANTUR, S.L, porque proceda, en cumplimiento de las finalidades mencionadas en el apartado anterior, al tratamiento de los datos personales facilitados. Sin embargo, en cualquier momento usted podr\u00e1 ejercitar los derechos de acceso, rectificaci\u00f3n, supresi\u00f3n, limitaci\u00f3n, portabilidad y oposici\u00f3n, a trav\u00e9s de la direcci\u00f3n: PANTUR, S.L C\/ PAU CLARIS, N\u00ba 157-161 o al email: pantur@pantur.es<\/div> -->\n<\/p><p style=\"display: none !important;\" class=\"akismet-fields-container\" data-prefix=\"_wpcf7_ak_\"><label>&#916;<textarea name=\"_wpcf7_ak_hp_textarea\" cols=\"45\" rows=\"8\" maxlength=\"100\"><\/textarea><\/label><input type=\"hidden\" id=\"ak_js_1\" name=\"_wpcf7_ak_js\" value=\"186\"\/><script>document.getElementById( \"ak_js_1\" ).setAttribute( \"value\", ( new Date() ).getTime() );<\/script><\/p><div class=\"wpcf7-response-output\" aria-hidden=\"true\"><\/div>\n<\/form>\n<\/div>\n<\/div>[\/vc_column][\/vc_row]<\/p>\n","protected":false},"excerpt":{"rendered":"<p>[vc_row type=&#8221;full-width-content&#8221; css=&#8221;.vc_custom_1477313887673{margin-bottom: 0px !important;padding-top: 0px !important;padding-bottom: 0px !important;}&#8221;][vc_column] [\/vc_column][\/vc_row][vc_row el_id=&#8221;contact-row&#8221;][vc_column width=&#8221;6\/12&#8243; css=&#8221;.vc_custom_1477314302039{padding-top: 40px !important;padding-right: 40px !important;padding-bottom: 60px !important;padding-left: 40px !important;background-color: rgba(255,255,255,0.87) !important;*background-color: rgb(255,255,255) !important;}&#8221;][vc_custom_heading text=&#8221;Contact details&#8221; font_container=&#8221;tag:h1|font_size:26px|text_align:left|color:%23000000&#8243; use_theme_fonts=&#8221;yes&#8221; css=&#8221;.vc_custom_1477315247228{margin-bottom: 20px !important;}&#8221;][vc_row_inner css=&#8221;.vc_custom_1477315380617{margin-bottom: 0px !important;}&#8221;][vc_column_inner width=&#8221;1\/2&#8243;][vc_column_text css=&#8221;.vc_custom_1477315260729{margin-bottom: 0px !important;}&#8221;]C. Pau Clar\u00eds, 157 &#8211; 161 08205 Sabadell (Barcelona) Espa\u00f1a[\/vc_column_text][\/vc_column_inner][vc_column_inner width=&#8221;1\/2&#8243;][vc_column_text css=&#8221;.vc_custom_1477315257428{margin-bottom: 0px !important;}&#8221;]Tel: (+34) 93 727<br \/><a href=\"https:\/\/pantur.es\/en\/contact\/\" class=\"more\">Read more<\/a><\/p>\n","protected":false},"author":1,"featured_media":0,"parent":0,"menu_order":0,"comment_status":"closed","ping_status":"closed","template":"","meta":{"inline_featured_image":false,"wds_primary_category":0,"footnotes":""},"class_list":["post-1350","page","type-page","status-publish","hentry"],"_links":{"self":[{"href":"https:\/\/pantur.es\/en\/wp-json\/wp\/v2\/pages\/1350","targetHints":{"allow":["GET"]}}],"collection":[{"href":"https:\/\/pantur.es\/en\/wp-json\/wp\/v2\/pages"}],"about":[{"href":"https:\/\/pantur.es\/en\/wp-json\/wp\/v2\/types\/page"}],"author":[{"embeddable":true,"href":"https:\/\/pantur.es\/en\/wp-json\/wp\/v2\/users\/1"}],"replies":[{"embeddable":true,"href":"https:\/\/pantur.es\/en\/wp-json\/wp\/v2\/comments?post=1350"}],"version-history":[{"count":11,"href":"https:\/\/pantur.es\/en\/wp-json\/wp\/v2\/pages\/1350\/revisions"}],"predecessor-version":[{"id":7332,"href":"https:\/\/pantur.es\/en\/wp-json\/wp\/v2\/pages\/1350\/revisions\/7332"}],"wp:attachment":[{"href":"https:\/\/pantur.es\/en\/wp-json\/wp\/v2\/media?parent=1350"}],"curies":[{"name":"wp","href":"https:\/\/api.w.org\/{rel}","templated":true}]}}